{"id":193,"date":"2024-12-13T08:53:08","date_gmt":"2024-12-13T08:53:08","guid":{"rendered":"https:\/\/mensfield.pl\/?page_id=193"},"modified":"2025-01-27T09:06:27","modified_gmt":"2025-01-27T09:06:27","slug":"oferta","status":"publish","type":"page","link":"https:\/\/mensfield.pl\/en\/oferta\/","title":{"rendered":"Our Offer"},"content":{"rendered":"<div data-elementor-type=\"wp-page\" data-elementor-id=\"193\" class=\"elementor elementor-193\" data-elementor-post-type=\"page\">\n\t\t\t\t<div class=\"elementor-element elementor-element-e56959c e-flex e-con-boxed e-con e-parent\" data-id=\"e56959c\" data-element_type=\"container\">\n\t\t\t\t\t<div class=\"e-con-inner\">\n\t\t<div class=\"elementor-element elementor-element-959ba9e e-con-full e-flex e-con e-child\" data-id=\"959ba9e\" data-element_type=\"container\" data-settings=\"{&quot;background_background&quot;:&quot;classic&quot;}\">\n\t\t\t\t<div class=\"elementor-element elementor-element-817e39e elementor-widget elementor-widget-heading\" data-id=\"817e39e\" data-element_type=\"widget\" data-widget_type=\"heading.default\">\n\t\t\t\t<div class=\"elementor-widget-container\">\n\t\t\t\t\t<h2 class=\"elementor-heading-title elementor-size-default\">MEN'SFIELD<\/h2>\t\t\t\t<\/div>\n\t\t\t\t<\/div>\n\t\t\t\t<div class=\"elementor-element elementor-element-e92377f elementor-widget elementor-widget-heading\" data-id=\"e92377f\" data-element_type=\"widget\" data-widget_type=\"heading.default\">\n\t\t\t\t<div class=\"elementor-widget-container\">\n\t\t\t\t\t<h2 class=\"elementor-heading-title elementor-size-default\">Our Offer<\/h2>\t\t\t\t<\/div>\n\t\t\t\t<\/div>\n\t\t\t\t<\/div>\n\t\t\t\t\t<\/div>\n\t\t\t\t<\/div>\n\t\t<div class=\"elementor-element elementor-element-e59de80 e-flex e-con-boxed e-con e-parent\" data-id=\"e59de80\" data-element_type=\"container\">\n\t\t\t\t\t<div class=\"e-con-inner\">\n\t\t\t\t<div class=\"elementor-element elementor-element-68d8ca7 elementor-widget elementor-widget-heading\" data-id=\"68d8ca7\" data-element_type=\"widget\" data-widget_type=\"heading.default\">\n\t\t\t\t<div class=\"elementor-widget-container\">\n\t\t\t\t\t<h2 class=\"elementor-heading-title elementor-size-default\">We specialize in producing: \n\n<\/h2>\t\t\t\t<\/div>\n\t\t\t\t<\/div>\n\t\t\t\t\t<\/div>\n\t\t\t\t<\/div>\n\t\t<div class=\"elementor-element elementor-element-a5813f4 e-flex e-con-boxed e-con e-parent\" data-id=\"a5813f4\" data-element_type=\"container\">\n\t\t\t\t\t<div class=\"e-con-inner\">\n\t\t<div class=\"elementor-element elementor-element-5fe8661 e-con-full e-flex e-con e-child\" data-id=\"5fe8661\" data-element_type=\"container\">\n\t\t\t\t<div class=\"elementor-element elementor-element-14af089 elementor-widget__width-initial elementor-widget elementor-widget-icon-box\" data-id=\"14af089\" data-element_type=\"widget\" data-widget_type=\"icon-box.default\">\n\t\t\t\t<div class=\"elementor-widget-container\">\n\t\t\t\t\t\t\t<div class=\"elementor-icon-box-wrapper\">\n\n\t\t\t\n\t\t\t\t\t\t<div class=\"elementor-icon-box-content\">\n\n\t\t\t\t\n\t\t\t\t\t\t\t\t\t<p class=\"elementor-icon-box-description\">\n\t\t\t\t\t\t\nSuits\t\t\t\t\t<\/p>\n\t\t\t\t\n\t\t\t<\/div>\n\t\t\t\n\t\t<\/div>\n\t\t\t\t\t\t<\/div>\n\t\t\t\t<\/div>\n\t\t\t\t<div class=\"elementor-element elementor-element-d51c0bf elementor-widget__width-initial elementor-widget elementor-widget-icon-box\" data-id=\"d51c0bf\" data-element_type=\"widget\" data-widget_type=\"icon-box.default\">\n\t\t\t\t<div class=\"elementor-widget-container\">\n\t\t\t\t\t\t\t<div class=\"elementor-icon-box-wrapper\">\n\n\t\t\t\n\t\t\t\t\t\t<div class=\"elementor-icon-box-content\">\n\n\t\t\t\t\n\t\t\t\t\t\t\t\t\t<p class=\"elementor-icon-box-description\">\n\t\t\t\t\t\t\nJackets\t\t\t\t\t<\/p>\n\t\t\t\t\n\t\t\t<\/div>\n\t\t\t\n\t\t<\/div>\n\t\t\t\t\t\t<\/div>\n\t\t\t\t<\/div>\n\t\t\t\t<div class=\"elementor-element elementor-element-f1f7485 elementor-widget__width-initial elementor-widget elementor-widget-icon-box\" data-id=\"f1f7485\" data-element_type=\"widget\" data-widget_type=\"icon-box.default\">\n\t\t\t\t<div class=\"elementor-widget-container\">\n\t\t\t\t\t\t\t<div class=\"elementor-icon-box-wrapper\">\n\n\t\t\t\n\t\t\t\t\t\t<div class=\"elementor-icon-box-content\">\n\n\t\t\t\t\n\t\t\t\t\t\t\t\t\t<p class=\"elementor-icon-box-description\">\n\t\t\t\t\t\tTrousers\n\t\t\t\t\t<\/p>\n\t\t\t\t\n\t\t\t<\/div>\n\t\t\t\n\t\t<\/div>\n\t\t\t\t\t\t<\/div>\n\t\t\t\t<\/div>\n\t\t\t\t<\/div>\n\t\t\t\t\t<\/div>\n\t\t\t\t<\/div>\n\t\t<div class=\"elementor-element elementor-element-6ccd0a0 e-flex e-con-boxed e-con e-parent\" data-id=\"6ccd0a0\" data-element_type=\"container\">\n\t\t\t\t\t<div class=\"e-con-inner\">\n\t\t<div class=\"elementor-element elementor-element-600f7d1 e-con-full e-flex e-con e-child\" data-id=\"600f7d1\" data-element_type=\"container\">\n\t\t\t\t<div class=\"elementor-element elementor-element-ff7589a elementor-widget elementor-widget-text-editor\" data-id=\"ff7589a\" data-element_type=\"widget\" data-widget_type=\"text-editor.default\">\n\t\t\t\t<div class=\"elementor-widget-container\">\n\t\t\t\t\t\t\t\t\t<div class=\"col-lg-9 col-md-8 col-sm-11 col-xs-12 bd-columnwrapper-901229159\">\n<div class=\"bd-column bd-layoutcolumn-901229159\">\n<div class=\"bd-vertical-align-wrapper\">\n<p class=\"additional-class-1261213451 bd-content-element\">With a daily production capacity of 400-450 complete outfits, our skilled team and advanced machinery guarantee efficiency and top-quality craftsmanship. Our company has earned a strong reputation in the domestic market for men's and women's suits through excellent customer service, timely delivery, and competitive pricing. For many years, we have been manufacturing suits for prestigious domestic and international clients, following their specific requirements and technologies.<\/p>\n\n<\/div>\n<\/div>\n<\/div>\n<div class=\"col-lg-3 col-md-4 col-sm-1 col-xs-12 bd-columnwrapper-1296414776\"><\/div>\t\t\t\t\t\t\t\t<\/div>\n\t\t\t\t<\/div>\n\t\t\t\t<\/div>\n\t\t\t\t\t<\/div>\n\t\t\t\t<\/div>\n\t\t\t\t<\/div>","protected":false},"excerpt":{"rendered":"<p>MEN&#8217;SFIELD Oferta Podstawowy asortyment wyrob\u00f3w produkowanych przez nas stanowi\u0105: Garnitury Marynarki Spodnie Nasze zdolno\u015bci produkcyjne si\u0119gaj\u0105 400-450 komplet\u00f3w ubra\u0144 dziennie. Do\u015bwiadczenie za\u0142ogi i&nbsp;nowoczesny park maszynowy zapewniaj\u0105 wysok\u0105 wydajno\u015b\u0107 oraz wysoki standard wykonania produkowanych wyrob\u00f3w. Znacz\u0105c\u0105 pozycj\u0119 na krajowym rynku producent\u00f3w garnitur\u00f3w m\u0119skich i&nbsp;damskich firma osi\u0105gn\u0119\u0142a dzi\u0119ki perfekcyjnej obs\u0142udze klienta, terminowo\u015bci i&nbsp;konkurencyjnym cenom. Sp\u00f3\u0142ka od wielu [&hellip;]<\/p>","protected":false},"author":1,"featured_media":0,"parent":0,"menu_order":0,"comment_status":"closed","ping_status":"closed","template":"","meta":{"site-sidebar-layout":"no-sidebar","site-content-layout":"page-builder","ast-site-content-layout":"full-width-container","site-content-style":"default","site-sidebar-style":"default","ast-global-header-display":"","ast-banner-title-visibility":"","ast-main-header-display":"","ast-hfb-above-header-display":"","ast-hfb-below-header-display":"","ast-hfb-mobile-header-display":"","site-post-title":"disabled","ast-breadcrumbs-content":"","ast-featured-img":"disabled","footer-sml-layout":"","ast-disable-related-posts":"","theme-transparent-header-meta":"","adv-header-id-meta":"","stick-header-meta":"","header-above-stick-meta":"","header-main-stick-meta":"","header-below-stick-meta":"","astra-migrate-meta-layouts":"set","ast-page-background-enabled":"default","ast-page-background-meta":{"desktop":{"background-color":"var(--ast-global-color-4)","background-image":"","background-repeat":"repeat","background-position":"center center","background-size":"auto","background-attachment":"scroll","background-type":"","background-media":"","overlay-type":"","overlay-color":"","overlay-opacity":"","overlay-gradient":""},"tablet":{"background-color":"","background-image":"","background-repeat":"repeat","background-position":"center center","background-size":"auto","background-attachment":"scroll","background-type":"","background-media":"","overlay-type":"","overlay-color":"","overlay-opacity":"","overlay-gradient":""},"mobile":{"background-color":"","background-image":"","background-repeat":"repeat","background-position":"center center","background-size":"auto","background-attachment":"scroll","background-type":"","background-media":"","overlay-type":"","overlay-color":"","overlay-opacity":"","overlay-gradient":""}},"ast-content-background-meta":{"desktop":{"background-color":"var(--ast-global-color-5)","background-image":"","background-repeat":"repeat","background-position":"center center","background-size":"auto","background-attachment":"scroll","background-type":"","background-media":"","overlay-type":"","overlay-color":"","overlay-opacity":"","overlay-gradient":""},"tablet":{"background-color":"var(--ast-global-color-5)","background-image":"","background-repeat":"repeat","background-position":"center center","background-size":"auto","background-attachment":"scroll","background-type":"","background-media":"","overlay-type":"","overlay-color":"","overlay-opacity":"","overlay-gradient":""},"mobile":{"background-color":"var(--ast-global-color-5)","background-image":"","background-repeat":"repeat","background-position":"center center","background-size":"auto","background-attachment":"scroll","background-type":"","background-media":"","overlay-type":"","overlay-color":"","overlay-opacity":"","overlay-gradient":""}},"footnotes":""},"class_list":["post-193","page","type-page","status-publish","hentry"],"_links":{"self":[{"href":"https:\/\/mensfield.pl\/en\/wp-json\/wp\/v2\/pages\/193","targetHints":{"allow":["GET"]}}],"collection":[{"href":"https:\/\/mensfield.pl\/en\/wp-json\/wp\/v2\/pages"}],"about":[{"href":"https:\/\/mensfield.pl\/en\/wp-json\/wp\/v2\/types\/page"}],"author":[{"embeddable":true,"href":"https:\/\/mensfield.pl\/en\/wp-json\/wp\/v2\/users\/1"}],"replies":[{"embeddable":true,"href":"https:\/\/mensfield.pl\/en\/wp-json\/wp\/v2\/comments?post=193"}],"version-history":[{"count":25,"href":"https:\/\/mensfield.pl\/en\/wp-json\/wp\/v2\/pages\/193\/revisions"}],"predecessor-version":[{"id":660,"href":"https:\/\/mensfield.pl\/en\/wp-json\/wp\/v2\/pages\/193\/revisions\/660"}],"wp:attachment":[{"href":"https:\/\/mensfield.pl\/en\/wp-json\/wp\/v2\/media?parent=193"}],"curies":[{"name":"wp","href":"https:\/\/api.w.org\/{rel}","templated":true}]}}