{"id":664,"date":"2025-01-29T14:16:04","date_gmt":"2025-01-29T14:16:04","guid":{"rendered":"https:\/\/mensfield.pl\/?page_id=664"},"modified":"2025-01-29T14:17:24","modified_gmt":"2025-01-29T14:17:24","slug":"polityka-cookies","status":"publish","type":"page","link":"https:\/\/mensfield.pl\/en\/polityka-cookies\/","title":{"rendered":"Cookie Policy"},"content":{"rendered":"<div data-elementor-type=\"wp-page\" data-elementor-id=\"664\" class=\"elementor elementor-664\" data-elementor-post-type=\"page\">\n\t\t\t\t<div class=\"elementor-element elementor-element-b226cb1 e-flex e-con-boxed e-con e-parent\" data-id=\"b226cb1\" data-element_type=\"container\">\n\t\t\t\t\t<div class=\"e-con-inner\">\n\t\t\t\t<div class=\"elementor-element elementor-element-a8e6be2 elementor-widget elementor-widget-heading\" data-id=\"a8e6be2\" data-element_type=\"widget\" data-widget_type=\"heading.default\">\n\t\t\t\t<div class=\"elementor-widget-container\">\n\t\t\t\t\t<h2 class=\"elementor-heading-title elementor-size-default\">Cookie Policy\n<\/h2>\t\t\t\t<\/div>\n\t\t\t\t<\/div>\n\t\t\t\t<div class=\"elementor-element elementor-element-1178400 elementor-widget elementor-widget-text-editor\" data-id=\"1178400\" data-element_type=\"widget\" data-widget_type=\"text-editor.default\">\n\t\t\t\t<div class=\"elementor-widget-container\">\n\t\t\t\t\t\t\t\t\t<h4><span style=\"color: #ffffff;\">What are cookies?<\/span><\/h4><p>This Cookie Policy explains what cookies are, how we use them, the types of cookies we employ (i.e., what information we collect using cookies and how that information is used), and how you can manage your cookie settings.<\/p><p>Cookies are small text files that store small pieces of information. They are saved on your device when a website is loaded in your browser. Cookies help us ensure the website functions properly, enhance its security, improve user experience, and analyse site performance to identify areas for improvement.<\/p><h4><span style=\"color: #ffffff;\">How do we use cookies?<\/span><\/h4><p>Like most online services, our website uses both first-party and third-party cookies.<\/p><p>First-party cookies are essential for the website to function correctly and do not collect any personally identifiable data.<\/p><p>Third-party cookies are primarily used for performance analysis, user interaction tracking, security, relevant advertising, and enhancing the user experience. They also help speed up future interactions with our website.<\/p><h4><span style=\"color: #ffffff;\">Cookies at Mens\u2019field<\/span><\/h4><p><strong>Manage Your Cookie Preferences<\/strong><\/p><p>You can change your cookie preferences at any time by clicking the button above. This will reopen the cookie consent banner, allowing you to modify your settings or withdraw your consent immediately.<\/p><p>Additionally, different browsers offer various methods for blocking and deleting cookies. You can adjust your browser settings to block or remove cookies. Below are links to instructions on managing cookies in the most popular browsers:<\/p><ul><li><strong>Chrome:<\/strong> <a href=\"https:\/\/support.google.com\/accounts\/answer\/32050\" target=\"_new\" rel=\"noopener\">How to delete cookies<\/a><\/li><li><strong>Safari:<\/strong> <a href=\"https:\/\/support.apple.com\/en-in\/guide\/safari\/sfri11471\/mac\" target=\"_new\" rel=\"noopener\">Cookie guide<\/a><\/li><li><strong>Firefox:<\/strong> <a href=\"https:\/\/support.mozilla.org\/en-US\/kb\/clear-cookies-and-site-data-firefox?redirectslug=delete-cookies-remove-info-websites-stored&amp;redirectlocale=en-US\" target=\"_new\" rel=\"noopener\">Deleting cookies<\/a><\/li><li><strong>Internet Explorer:<\/strong> <a href=\"https:\/\/support.microsoft.com\/en-us\/topic\/how-to-delete-cookie-files-in-internet-explorer-bca9446f-d873-78de-77ba-d42645fa52fc\" target=\"_new\" rel=\"noopener\">How to remove cookies<\/a><\/li><\/ul><p>If you are using a different web browser, please visit the official support page of your browser.<\/p>\t\t\t\t\t\t\t\t<\/div>\n\t\t\t\t<\/div>\n\t\t\t\t\t<\/div>\n\t\t\t\t<\/div>\n\t\t\t\t<\/div>","protected":false},"excerpt":{"rendered":"<p>Polityka Plik\u00f3w Cookie Czym s\u0105 pliki cookie? Niniejsza Polityka Plik\u00f3w Cookie wyja\u015bnia, czym s\u0105 pliki cookie, w jaki spos\u00f3b ich u\u017cywamy, jakie rodzaje plik\u00f3w cookie stosujemy (tj. jakie informacje zbieramy za ich pomoc\u0105 i w jaki spos\u00f3b s\u0105 one wykorzystywane) oraz jak zarz\u0105dza\u0107 ustawieniami plik\u00f3w cookie. Pliki cookie to ma\u0142e pliki tekstowe, kt\u00f3re przechowuj\u0105 niewielkie [&hellip;]<\/p>","protected":false},"author":1,"featured_media":0,"parent":0,"menu_order":0,"comment_status":"closed","ping_status":"closed","template":"","meta":{"site-sidebar-layout":"no-sidebar","site-content-layout":"page-builder","ast-site-content-layout":"full-width-container","site-content-style":"default","site-sidebar-style":"default","ast-global-header-display":"","ast-banner-title-visibility":"","ast-main-header-display":"","ast-hfb-above-header-display":"","ast-hfb-below-header-display":"","ast-hfb-mobile-header-display":"","site-post-title":"disabled","ast-breadcrumbs-content":"","ast-featured-img":"disabled","footer-sml-layout":"","ast-disable-related-posts":"","theme-transparent-header-meta":"","adv-header-id-meta":"","stick-header-meta":"","header-above-stick-meta":"","header-main-stick-meta":"","header-below-stick-meta":"","astra-migrate-meta-layouts":"set","ast-page-background-enabled":"default","ast-page-background-meta":{"desktop":{"background-color":"var(--ast-global-color-4)","background-image":"","background-repeat":"repeat","background-position":"center center","background-size":"auto","background-attachment":"scroll","background-type":"","background-media":"","overlay-type":"","overlay-color":"","overlay-opacity":"","overlay-gradient":""},"tablet":{"background-color":"","background-image":"","background-repeat":"repeat","background-position":"center center","background-size":"auto","background-attachment":"scroll","background-type":"","background-media":"","overlay-type":"","overlay-color":"","overlay-opacity":"","overlay-gradient":""},"mobile":{"background-color":"","background-image":"","background-repeat":"repeat","background-position":"center center","background-size":"auto","background-attachment":"scroll","background-type":"","background-media":"","overlay-type":"","overlay-color":"","overlay-opacity":"","overlay-gradient":""}},"ast-content-background-meta":{"desktop":{"background-color":"var(--ast-global-color-5)","background-image":"","background-repeat":"repeat","background-position":"center center","background-size":"auto","background-attachment":"scroll","background-type":"","background-media":"","overlay-type":"","overlay-color":"","overlay-opacity":"","overlay-gradient":""},"tablet":{"background-color":"var(--ast-global-color-5)","background-image":"","background-repeat":"repeat","background-position":"center center","background-size":"auto","background-attachment":"scroll","background-type":"","background-media":"","overlay-type":"","overlay-color":"","overlay-opacity":"","overlay-gradient":""},"mobile":{"background-color":"var(--ast-global-color-5)","background-image":"","background-repeat":"repeat","background-position":"center center","background-size":"auto","background-attachment":"scroll","background-type":"","background-media":"","overlay-type":"","overlay-color":"","overlay-opacity":"","overlay-gradient":""}},"footnotes":""},"class_list":["post-664","page","type-page","status-publish","hentry"],"_links":{"self":[{"href":"https:\/\/mensfield.pl\/en\/wp-json\/wp\/v2\/pages\/664","targetHints":{"allow":["GET"]}}],"collection":[{"href":"https:\/\/mensfield.pl\/en\/wp-json\/wp\/v2\/pages"}],"about":[{"href":"https:\/\/mensfield.pl\/en\/wp-json\/wp\/v2\/types\/page"}],"author":[{"embeddable":true,"href":"https:\/\/mensfield.pl\/en\/wp-json\/wp\/v2\/users\/1"}],"replies":[{"embeddable":true,"href":"https:\/\/mensfield.pl\/en\/wp-json\/wp\/v2\/comments?post=664"}],"version-history":[{"count":4,"href":"https:\/\/mensfield.pl\/en\/wp-json\/wp\/v2\/pages\/664\/revisions"}],"predecessor-version":[{"id":668,"href":"https:\/\/mensfield.pl\/en\/wp-json\/wp\/v2\/pages\/664\/revisions\/668"}],"wp:attachment":[{"href":"https:\/\/mensfield.pl\/en\/wp-json\/wp\/v2\/media?parent=664"}],"curies":[{"name":"wp","href":"https:\/\/api.w.org\/{rel}","templated":true}]}}