{"id":669,"date":"2025-01-29T14:29:58","date_gmt":"2025-01-29T14:29:58","guid":{"rendered":"https:\/\/mensfield.pl\/?page_id=669"},"modified":"2025-01-29T14:31:28","modified_gmt":"2025-01-29T14:31:28","slug":"klauzula-informacyjna-o-przetwarzaniu-danych-osobowych","status":"publish","type":"page","link":"https:\/\/mensfield.pl\/en\/klauzula-informacyjna-o-przetwarzaniu-danych-osobowych\/","title":{"rendered":"KLAUZULA INFORMACYJNA O PRZETWARZANIU DANYCH OSOBOWYCH"},"content":{"rendered":"<div data-elementor-type=\"wp-page\" data-elementor-id=\"669\" class=\"elementor elementor-669\" data-elementor-post-type=\"page\">\n\t\t\t\t<div class=\"elementor-element elementor-element-cdb3162 e-flex e-con-boxed e-con e-parent\" data-id=\"cdb3162\" data-element_type=\"container\">\n\t\t\t\t\t<div class=\"e-con-inner\">\n\t\t\t\t<div class=\"elementor-element elementor-element-5d9e8e1 elementor-widget elementor-widget-heading\" data-id=\"5d9e8e1\" data-element_type=\"widget\" data-widget_type=\"heading.default\">\n\t\t\t\t<div class=\"elementor-widget-container\">\n\t\t\t\t\t<h2 class=\"elementor-heading-title elementor-size-default\">Information Clause on the Processing of Personal Data<\/h2>\t\t\t\t<\/div>\n\t\t\t\t<\/div>\n\t\t\t\t<div class=\"elementor-element elementor-element-abc8179 elementor-widget elementor-widget-text-editor\" data-id=\"abc8179\" data-element_type=\"widget\" data-widget_type=\"text-editor.default\">\n\t\t\t\t<div class=\"elementor-widget-container\">\n\t\t\t\t\t\t\t\t\t<ol start=\"1\" data-spread=\"true\" data-pm-slice=\"3 1 []\"><li><p>The Data Controller (hereinafter \"DC\") is Mensfield sp. z o.o., with its registered office in Przeworsk, ul. Krasickiego 86, 37-200 Przeworsk, entered in the Register of Entrepreneurs of the National Court Register under number KRS: 0000161276, NIP: 794-16-12-176, REGON: 651418907.<\/p><\/li><li><p class=\"translation-block\">You can contact the Data Controller via email at <a href=\"mailto:jakub.materna@mensfield.pl\">jakub.materna@mensfield.pl<\/a> or by phone at <a href=\"\/en\/16 648-79-36\/\">16 648-79-36<\/a><\/p><\/li><li><p>Your personal data is processed for purposes related to the activities of the Data Controller, including:<\/p><ul data-spread=\"false\"><li><p>Service provision,<\/p><\/li><li><p>Customer and contractor support,<\/p><\/li><li><p>Conducting marketing activities,<\/p><\/li><li><p>Fulfilling obligations arising from legal regulations.<\/p><\/li><\/ul><\/li><li><p>Data processing is carried out based on Article 6(1)(f) of the GDPR (legitimate interest of the controller) for analytics and business planning purposes.<\/p><\/li><li><p>Personal data may be processed for the purpose of concluding and performing contracts as well as providing services, based on Article 6(1)(b) of the GDPR.<\/p><\/li><li><p>Personal data will be stored for the period necessary to fulfil the purposes for which they were collected, in accordance with applicable legal regulations and limitation periods for claims.<\/p><\/li><li><p>The data subject has the right to:<\/p><ul data-spread=\"false\"><li><p>access their data,<\/p><\/li><li><p>rectify their data,<\/p><\/li><li><p>erase their data,<\/p><\/li><li><p>restrict processing,<\/p><\/li><li><p>object to processing,<\/p><\/li><li><p>data portability,<\/p><\/li><li><p>lodge a complaint with the supervisory authority (President of the Personal Data Protection Office).<\/p><\/li><\/ul><\/li><li><p>The administrator takes all necessary technical and organizational measures to protect the data against loss, unauthorized access, or disclosure.<\/p><\/li><li><p>Detailed information regarding the processing of personal data can be obtained by contacting the Administrator using the contact details provided above.<\/p><\/li><\/ol><div><hr \/><\/div><p>\u00a0<\/p>\t\t\t\t\t\t\t\t<\/div>\n\t\t\t\t<\/div>\n\t\t\t\t\t<\/div>\n\t\t\t\t<\/div>\n\t\t\t\t<\/div>","protected":false},"excerpt":{"rendered":"<p>Klauzula informacyjna o przetwarzaniu danych osobowych Administratorem danych osobowych (dalej &#8222;AD&#8221;) jest Mensfield sp. z o.o. z siedzib\u0105 w Przeworsku, ul. Krasickiego 86, 37-200 Przeworsk, wpisana w Rejestr Przedsi\u0119biorc\u00f3w Krajowego Rejestru S\u0105dowego pod numerem KRS: 0000161276, NIP: 794-16-12-176, REGON: 651418907. Kontakt z Administratorem mo\u017cliwy jest poprzez e-mail: jakub.materna@mensfield.pl oraz pod numerem telefonu 16 648-79-36. Pani\/Pana [&hellip;]<\/p>","protected":false},"author":1,"featured_media":0,"parent":0,"menu_order":0,"comment_status":"closed","ping_status":"closed","template":"","meta":{"site-sidebar-layout":"no-sidebar","site-content-layout":"page-builder","ast-site-content-layout":"full-width-container","site-content-style":"default","site-sidebar-style":"default","ast-global-header-display":"","ast-banner-title-visibility":"","ast-main-header-display":"","ast-hfb-above-header-display":"","ast-hfb-below-header-display":"","ast-hfb-mobile-header-display":"","site-post-title":"disabled","ast-breadcrumbs-content":"","ast-featured-img":"disabled","footer-sml-layout":"","ast-disable-related-posts":"","theme-transparent-header-meta":"","adv-header-id-meta":"","stick-header-meta":"","header-above-stick-meta":"","header-main-stick-meta":"","header-below-stick-meta":"","astra-migrate-meta-layouts":"set","ast-page-background-enabled":"default","ast-page-background-meta":{"desktop":{"background-color":"var(--ast-global-color-4)","background-image":"","background-repeat":"repeat","background-position":"center center","background-size":"auto","background-attachment":"scroll","background-type":"","background-media":"","overlay-type":"","overlay-color":"","overlay-opacity":"","overlay-gradient":""},"tablet":{"background-color":"","background-image":"","background-repeat":"repeat","background-position":"center center","background-size":"auto","background-attachment":"scroll","background-type":"","background-media":"","overlay-type":"","overlay-color":"","overlay-opacity":"","overlay-gradient":""},"mobile":{"background-color":"","background-image":"","background-repeat":"repeat","background-position":"center center","background-size":"auto","background-attachment":"scroll","background-type":"","background-media":"","overlay-type":"","overlay-color":"","overlay-opacity":"","overlay-gradient":""}},"ast-content-background-meta":{"desktop":{"background-color":"var(--ast-global-color-5)","background-image":"","background-repeat":"repeat","background-position":"center center","background-size":"auto","background-attachment":"scroll","background-type":"","background-media":"","overlay-type":"","overlay-color":"","overlay-opacity":"","overlay-gradient":""},"tablet":{"background-color":"var(--ast-global-color-5)","background-image":"","background-repeat":"repeat","background-position":"center center","background-size":"auto","background-attachment":"scroll","background-type":"","background-media":"","overlay-type":"","overlay-color":"","overlay-opacity":"","overlay-gradient":""},"mobile":{"background-color":"var(--ast-global-color-5)","background-image":"","background-repeat":"repeat","background-position":"center center","background-size":"auto","background-attachment":"scroll","background-type":"","background-media":"","overlay-type":"","overlay-color":"","overlay-opacity":"","overlay-gradient":""}},"footnotes":""},"class_list":["post-669","page","type-page","status-publish","hentry"],"_links":{"self":[{"href":"https:\/\/mensfield.pl\/en\/wp-json\/wp\/v2\/pages\/669","targetHints":{"allow":["GET"]}}],"collection":[{"href":"https:\/\/mensfield.pl\/en\/wp-json\/wp\/v2\/pages"}],"about":[{"href":"https:\/\/mensfield.pl\/en\/wp-json\/wp\/v2\/types\/page"}],"author":[{"embeddable":true,"href":"https:\/\/mensfield.pl\/en\/wp-json\/wp\/v2\/users\/1"}],"replies":[{"embeddable":true,"href":"https:\/\/mensfield.pl\/en\/wp-json\/wp\/v2\/comments?post=669"}],"version-history":[{"count":4,"href":"https:\/\/mensfield.pl\/en\/wp-json\/wp\/v2\/pages\/669\/revisions"}],"predecessor-version":[{"id":673,"href":"https:\/\/mensfield.pl\/en\/wp-json\/wp\/v2\/pages\/669\/revisions\/673"}],"wp:attachment":[{"href":"https:\/\/mensfield.pl\/en\/wp-json\/wp\/v2\/media?parent=669"}],"curies":[{"name":"wp","href":"https:\/\/api.w.org\/{rel}","templated":true}]}}